{"id":561,"date":"2021-09-29T14:23:27","date_gmt":"2021-09-29T14:23:27","guid":{"rendered":"http:\/\/react.web.ua.pt\/?page_id=561"},"modified":"2023-02-27T21:27:40","modified_gmt":"2023-02-27T21:27:40","slug":"partners","status":"publish","type":"page","link":"https:\/\/react.web.ua.pt\/?page_id=561","title":{"rendered":"Partners"},"content":{"rendered":"\n<div class=\"wp-block-columns is-layout-flex wp-container-core-columns-is-layout-9d6595d7 wp-block-columns-is-layout-flex\">\n<div class=\"wp-block-column is-layout-flow wp-block-column-is-layout-flow\" style=\"flex-basis:10%\"><\/div>\n\n\n\n<div class=\"wp-block-column is-layout-flow wp-block-column-is-layout-flow\" style=\"flex-basis:60%\">\n<p><\/p>\n\n\n\n<h2 class=\"wp-block-heading\">UNIVERSIDADE DE AVEIRO (PORTUGAL)<\/h2>\n\n\n\n<h4 class=\"wp-block-heading\">LEADING ORGANIZATION<\/h4>\n\n\n\n<p>Jorge Salgado Correia (INET-MD), Gilvano Dalagna (INET-MD), Clarissa Gomes Foletto (INET-MD), Paulo Maria Rodrigues (INET-MD)  and Helder Caixinha (DigiMedia)<\/p>\n\n\n\n<div class=\"wp-block-columns is-layout-flex wp-container-core-columns-is-layout-9d6595d7 wp-block-columns-is-layout-flex\">\n<div class=\"wp-block-column is-layout-flow wp-block-column-is-layout-flow\">\n<div class=\"wp-block-image\"><figure class=\"alignleft size-full is-resized\"><a href=\"http:\/\/www.inetmd.pt\/\" target=\"_blank\" rel=\"noopener\"><img loading=\"lazy\" decoding=\"async\" src=\"https:\/\/react.web.ua.pt\/wp-content\/uploads\/2023\/02\/inet_logo.png\" alt=\"\" class=\"wp-image-3734\" width=\"201\" height=\"61\" srcset=\"https:\/\/react.web.ua.pt\/wp-content\/uploads\/2023\/02\/inet_logo.png 487w, https:\/\/react.web.ua.pt\/wp-content\/uploads\/2023\/02\/inet_logo-300x92.png 300w\" sizes=\"auto, (max-width: 201px) 100vw, 201px\" \/><\/a><\/figure><\/div>\n<\/div>\n\n\n\n<div class=\"wp-block-column is-layout-flow wp-block-column-is-layout-flow\">\n<figure class=\"wp-block-image size-full is-resized\"><a href=\"https:\/\/digimedia.web.ua.pt\/\" target=\"_blank\" rel=\"noopener\"><img loading=\"lazy\" decoding=\"async\" src=\"https:\/\/react.web.ua.pt\/wp-content\/uploads\/2023\/02\/dm-logo.png\" alt=\"\" class=\"wp-image-3740\" width=\"173\" height=\"84\" srcset=\"https:\/\/react.web.ua.pt\/wp-content\/uploads\/2023\/02\/dm-logo.png 310w, https:\/\/react.web.ua.pt\/wp-content\/uploads\/2023\/02\/dm-logo-300x145.png 300w\" sizes=\"auto, (max-width: 173px) 100vw, 173px\" \/><\/a><\/figure>\n<\/div>\n<\/div>\n\n\n\n<p> <\/p>\n<\/div>\n\n\n\n<div class=\"wp-block-column is-layout-flow wp-block-column-is-layout-flow\" style=\"flex-basis:20%\">\n<figure class=\"wp-block-image size-full\"><a href=\"https:\/\/www.ua.pt\/\"><img loading=\"lazy\" decoding=\"async\" width=\"200\" height=\"135\" src=\"https:\/\/react.web.ua.pt\/wp-content\/uploads\/2021\/11\/aveiro-1.png\" alt=\"\" class=\"wp-image-1759\"\/><\/a><\/figure>\n<\/div>\n\n\n\n<div class=\"wp-block-column is-layout-flow wp-block-column-is-layout-flow\" style=\"flex-basis:10%\"><\/div>\n<\/div>\n\n\n\n<div class=\"wp-block-columns is-layout-flex wp-container-core-columns-is-layout-9d6595d7 wp-block-columns-is-layout-flex\">\n<div class=\"wp-block-column is-layout-flow wp-block-column-is-layout-flow\" style=\"flex-basis:10%\"><\/div>\n\n\n\n<div class=\"wp-block-column is-layout-flow wp-block-column-is-layout-flow\" style=\"flex-basis:60%\">\n<h2 class=\"wp-block-heading\">EDEX &#8211; EDUCATIONAL EXCELLENCE CORPORATION LIMITED (CYPRUS)<\/h2>\n\n\n\n<p>Ioulia Pappageorgi, Natassa Economidou-Stavrou and Nicolas Constantinou<\/p>\n<\/div>\n\n\n\n<div class=\"wp-block-column is-layout-flow wp-block-column-is-layout-flow\" style=\"flex-basis:20%\">\n<figure class=\"wp-block-image size-full\"><a href=\"https:\/\/www.unic.ac.cy\"><img loading=\"lazy\" decoding=\"async\" width=\"200\" height=\"135\" src=\"https:\/\/react.web.ua.pt\/wp-content\/uploads\/2021\/11\/nicosia-1.png\" alt=\"\" class=\"wp-image-1807\"\/><\/a><\/figure>\n<\/div>\n\n\n\n<div class=\"wp-block-column is-layout-flow wp-block-column-is-layout-flow\" style=\"flex-basis:10%\"><\/div>\n<\/div>\n\n\n\n<div class=\"wp-block-columns is-layout-flex wp-container-core-columns-is-layout-9d6595d7 wp-block-columns-is-layout-flex\">\n<div class=\"wp-block-column is-layout-flow wp-block-column-is-layout-flow\" style=\"flex-basis:10%\"><\/div>\n\n\n\n<div class=\"wp-block-column is-layout-flow wp-block-column-is-layout-flow\" style=\"flex-basis:60%\">\n<h2 class=\"wp-block-heading\">LULEA TEKNISKA UNIVERSITET (SWEDEN)<\/h2>\n\n\n\n<p>Stefan \u00d6stersj\u00f6, \u00c5sa Unander-Scharin, Carl Holmgren, Helen Julia Minors and \u00c5sa Unander-Scharin&nbsp;and Federico Visi<\/p>\n<\/div>\n\n\n\n<div class=\"wp-block-column is-layout-flow wp-block-column-is-layout-flow\" style=\"flex-basis:20%\">\n<figure class=\"wp-block-image size-full\"><a href=\"https:\/\/www.ltu.se\/?l=en\"><img loading=\"lazy\" decoding=\"async\" width=\"200\" height=\"135\" src=\"https:\/\/react.web.ua.pt\/wp-content\/uploads\/2021\/11\/lulea-1.png\" alt=\"\" class=\"wp-image-1810\"\/><\/a><\/figure>\n<\/div>\n\n\n\n<div class=\"wp-block-column is-layout-flow wp-block-column-is-layout-flow\" style=\"flex-basis:10%\"><\/div>\n<\/div>\n\n\n\n<div class=\"wp-block-columns is-layout-flex wp-container-core-columns-is-layout-9d6595d7 wp-block-columns-is-layout-flex\">\n<div class=\"wp-block-column is-layout-flow wp-block-column-is-layout-flow\" style=\"flex-basis:10%\"><\/div>\n\n\n\n<div class=\"wp-block-column is-layout-flow wp-block-column-is-layout-flow\" style=\"flex-basis:60%\">\n<h2 class=\"wp-block-heading\">TAIDEYLIOPISTO (FINLAND)<\/h2>\n\n\n\n<p>Mieko Kanno, Heidi Westerlund and Guadalupe Lopez-Iniguez<\/p>\n<\/div>\n\n\n\n<div class=\"wp-block-column is-layout-flow wp-block-column-is-layout-flow\" style=\"flex-basis:20%\">\n<figure class=\"wp-block-image size-full\"><a href=\"https:\/\/www.uniarts.fi\/en\/\"><img loading=\"lazy\" decoding=\"async\" width=\"200\" height=\"135\" src=\"https:\/\/react.web.ua.pt\/wp-content\/uploads\/2021\/11\/uniarts-1.png\" alt=\"\" class=\"wp-image-1813\"\/><\/a><\/figure>\n<\/div>\n\n\n\n<div class=\"wp-block-column is-layout-flow wp-block-column-is-layout-flow\" style=\"flex-basis:10%\"><\/div>\n<\/div>\n\n\n\n<div class=\"wp-block-columns is-layout-flex wp-container-core-columns-is-layout-9d6595d7 wp-block-columns-is-layout-flex\">\n<div class=\"wp-block-column is-layout-flow wp-block-column-is-layout-flow\" style=\"flex-basis:10%\"><\/div>\n\n\n\n<div class=\"wp-block-column is-layout-flow wp-block-column-is-layout-flow\" style=\"flex-basis:60%\">\n<h2 class=\"wp-block-heading\">UNIVERSITETET I AGDER (NORWAY)<\/h2>\n\n\n\n<p>Randi Eidsaa, Tanja Orning, J\u00f8rn Eivind Schau and Mariam Kharatyan<\/p>\n<\/div>\n\n\n\n<div class=\"wp-block-column is-layout-flow wp-block-column-is-layout-flow\" style=\"flex-basis:20%\">\n<figure class=\"wp-block-image size-full\"><a href=\"https:\/\/www.uia.no\/en\"><img loading=\"lazy\" decoding=\"async\" width=\"200\" height=\"135\" src=\"https:\/\/react.web.ua.pt\/wp-content\/uploads\/2021\/11\/agder.png\" alt=\"\" class=\"wp-image-1744\"\/><\/a><\/figure>\n<\/div>\n\n\n\n<div class=\"wp-block-column is-layout-flow wp-block-column-is-layout-flow\" style=\"flex-basis:10%\"><\/div>\n<\/div>\n\n\n\n<p><\/p>\n","protected":false},"excerpt":{"rendered":"<p>UNIVERSIDADE DE AVEIRO (PORTUGAL) LEADING ORGANIZATION Jorge Salgado Correia (INET-MD), Gilvano Dalagna (INET-MD), Clarissa Gomes Foletto (INET-MD), Paulo Maria Rodrigues (INET-MD) and Helder Caixinha (DigiMedia) EDEX &#8211; EDUCATIONAL EXCELLENCE CORPORATION LIMITED (CYPRUS) Ioulia Pappageorgi, Natassa Economidou-Stavrou and Nicolas Constantinou LULEA TEKNISKA UNIVERSITET (SWEDEN) Stefan \u00d6stersj\u00f6, \u00c5sa Unander-Scharin, Carl Holmgren, Helen Julia Minors and \u00c5sa Unander-Scharin&nbsp;and&hellip;&nbsp;<a href=\"https:\/\/react.web.ua.pt\/?page_id=561\" rel=\"bookmark\">Read More &raquo;<span class=\"screen-reader-text\">Partners<\/span><\/a><\/p>\n","protected":false},"author":4,"featured_media":0,"parent":0,"menu_order":0,"comment_status":"closed","ping_status":"closed","template":"","meta":{"neve_meta_sidebar":"","neve_meta_container":"","neve_meta_enable_content_width":"","neve_meta_content_width":0,"neve_meta_title_alignment":"","neve_meta_author_avatar":"","neve_post_elements_order":"","neve_meta_disable_header":"","neve_meta_disable_footer":"","neve_meta_disable_title":"","footnotes":""},"class_list":["post-561","page","type-page","status-publish","hentry"],"_links":{"self":[{"href":"https:\/\/react.web.ua.pt\/index.php?rest_route=\/wp\/v2\/pages\/561","targetHints":{"allow":["GET"]}}],"collection":[{"href":"https:\/\/react.web.ua.pt\/index.php?rest_route=\/wp\/v2\/pages"}],"about":[{"href":"https:\/\/react.web.ua.pt\/index.php?rest_route=\/wp\/v2\/types\/page"}],"author":[{"embeddable":true,"href":"https:\/\/react.web.ua.pt\/index.php?rest_route=\/wp\/v2\/users\/4"}],"replies":[{"embeddable":true,"href":"https:\/\/react.web.ua.pt\/index.php?rest_route=%2Fwp%2Fv2%2Fcomments&post=561"}],"version-history":[{"count":14,"href":"https:\/\/react.web.ua.pt\/index.php?rest_route=\/wp\/v2\/pages\/561\/revisions"}],"predecessor-version":[{"id":3743,"href":"https:\/\/react.web.ua.pt\/index.php?rest_route=\/wp\/v2\/pages\/561\/revisions\/3743"}],"wp:attachment":[{"href":"https:\/\/react.web.ua.pt\/index.php?rest_route=%2Fwp%2Fv2%2Fmedia&parent=561"}],"curies":[{"name":"wp","href":"https:\/\/api.w.org\/{rel}","templated":true}]}}