{"id":567,"date":"2021-09-29T14:23:58","date_gmt":"2021-09-29T14:23:58","guid":{"rendered":"http:\/\/react.web.ua.pt\/?page_id=567"},"modified":"2022-01-17T14:57:07","modified_gmt":"2022-01-17T14:57:07","slug":"working-groups","status":"publish","type":"page","link":"https:\/\/react.web.ua.pt\/?page_id=567","title":{"rendered":"Working Groups"},"content":{"rendered":"\n<div class=\"wp-block-columns is-layout-flex wp-container-core-columns-is-layout-9d6595d7 wp-block-columns-is-layout-flex\">\n<div class=\"wp-block-column is-layout-flow wp-block-column-is-layout-flow\" style=\"flex-basis:10%\"><\/div>\n\n\n\n<div class=\"wp-block-column is-layout-flow wp-block-column-is-layout-flow\" style=\"flex-basis:80%\">\n<h1 class=\"wp-block-heading\"><strong>ADVISORY BOARD<\/strong><\/h1>\n\n\n\n<div style=\"height:17px\" aria-hidden=\"true\" class=\"wp-block-spacer\"><\/div>\n\n\n\n<p><strong>MEMBERS<\/strong><\/p>\n\n\n\n<p>Helena Gaunt (RWCMD &#8211; UK) \/ Sandep Bhagwati (IN-GER-CA) \/ Nick Petrela (UMKC &#8211; EUA) \/ Catherine Laws (University of York)<\/p>\n<\/div>\n\n\n\n<div class=\"wp-block-column is-layout-flow wp-block-column-is-layout-flow\" style=\"flex-basis:10%\"><\/div>\n<\/div>\n\n\n\n<hr class=\"wp-block-separator\"\/>\n\n\n\n<div class=\"wp-block-columns is-layout-flex wp-container-core-columns-is-layout-9d6595d7 wp-block-columns-is-layout-flex\">\n<div class=\"wp-block-column is-layout-flow wp-block-column-is-layout-flow\" style=\"flex-basis:10%\"><\/div>\n\n\n\n<div class=\"wp-block-column is-layout-flow wp-block-column-is-layout-flow\" style=\"flex-basis:80%\">\n<h3 class=\"wp-block-heading\">WORKING GROUP 1<\/h3>\n\n\n\n<h1 class=\"wp-block-heading\"><strong>COMMUNICATION AND DISSEMINATION<\/strong><\/h1>\n\n\n\n<p><strong>DISSEMINATION MANANGERS<\/strong><\/p>\n\n\n\n<p>Clarissa Foletto (UA) \/ Helder Caixinha (UA)<\/p>\n\n\n\n<p><strong>MEMBERS<\/strong><\/p>\n\n\n\n<p> Natassa Economidou-Stavrou (UNIC) \/ Heidi Westerlund (Uniarts Hel) \/ Stefan \u00d6stersj\u00f6 (LTU)<\/p>\n<\/div>\n\n\n\n<div class=\"wp-block-column is-layout-flow wp-block-column-is-layout-flow\" style=\"flex-basis:10%\"><\/div>\n<\/div>\n\n\n\n<hr class=\"wp-block-separator\"\/>\n\n\n\n<div class=\"wp-block-columns is-layout-flex wp-container-core-columns-is-layout-9d6595d7 wp-block-columns-is-layout-flex\">\n<div class=\"wp-block-column is-layout-flow wp-block-column-is-layout-flow\" style=\"flex-basis:10%\"><\/div>\n\n\n\n<div class=\"wp-block-column is-layout-flow wp-block-column-is-layout-flow\" style=\"flex-basis:80%\">\n<h3 class=\"wp-block-heading\">WORKING GROUP 2<\/h3>\n\n\n\n<h1 class=\"wp-block-heading\"><strong>PROJECT MANAGEMENT <\/strong><\/h1>\n\n\n\n<p><strong>PROJECT MANENGER<\/strong><\/p>\n\n\n\n<p>Gilvano Dalagna (UA)<\/p>\n\n\n\n<p><strong>MEMBERS<\/strong><\/p>\n\n\n\n<p>Clarissa Foletto (UA) \/ Helen Julia Minors (LTU) \/ Ioulia Papageorgi (UNIC) \/ Technical support staff in each institution<\/p>\n<\/div>\n\n\n\n<div class=\"wp-block-column is-layout-flow wp-block-column-is-layout-flow\" style=\"flex-basis:10%\"><\/div>\n<\/div>\n\n\n\n<hr class=\"wp-block-separator\"\/>\n\n\n\n<div class=\"wp-block-columns is-layout-flex wp-container-core-columns-is-layout-9d6595d7 wp-block-columns-is-layout-flex\">\n<div class=\"wp-block-column is-layout-flow wp-block-column-is-layout-flow\" style=\"flex-basis:10%\"><\/div>\n\n\n\n<div class=\"wp-block-column is-layout-flow wp-block-column-is-layout-flow\" style=\"flex-basis:80%\">\n<h3 class=\"wp-block-heading\">WORKING GROUP 3<\/h3>\n\n\n\n<h1 class=\"wp-block-heading\"><strong>The Role of Artistic Research in Music Performance Teaching<\/strong><\/h1>\n\n\n\n<p><strong>MEMBERS<\/strong><\/p>\n\n\n\n<p>Jorge Salgado (UA) \/ Gilvano Dalagna (UA) \/ Mieko Kanno (Uniarts Hel) \/ Stefan \u00d6stersj\u00f6 (LTU) \/ Mariam Kharatyan (UiA) \/ Randi Eidsaa (UiA) \/ Nicolas Constantinou (UNIC) \/ \u00c5sa Unander-Scharin<\/p>\n<\/div>\n\n\n\n<div class=\"wp-block-column is-layout-flow wp-block-column-is-layout-flow\" style=\"flex-basis:10%\"><\/div>\n<\/div>\n\n\n\n<hr class=\"wp-block-separator\"\/>\n\n\n\n<div class=\"wp-block-columns is-layout-flex wp-container-core-columns-is-layout-9d6595d7 wp-block-columns-is-layout-flex\">\n<div class=\"wp-block-column is-layout-flow wp-block-column-is-layout-flow\" style=\"flex-basis:10%\"><\/div>\n\n\n\n<div class=\"wp-block-column is-layout-flow wp-block-column-is-layout-flow\" style=\"flex-basis:80%\">\n<h3 class=\"wp-block-heading\">WORKING GROUP 4<\/h3>\n\n\n\n<h1 class=\"wp-block-heading\"><strong><strong>Professional Development for Teachers and Mentors<\/strong><\/strong><\/h1>\n\n\n\n<p><strong>MEMBERS<\/strong><\/p>\n\n\n\n<p>Carl Holmgren (LTU) \/ Clarissa Foletto (UA) \/ Gilvano Dalagna (UA) \/ Jorge Salgado (UA) \/ Mieko Kanno (Uniarts Hel) \/ Natassa Economidou-Stavrou (UNIC) <\/p>\n<\/div>\n\n\n\n<div class=\"wp-block-column is-layout-flow wp-block-column-is-layout-flow\" style=\"flex-basis:10%\"><\/div>\n<\/div>\n\n\n\n<hr class=\"wp-block-separator\"\/>\n\n\n\n<div class=\"wp-block-columns is-layout-flex wp-container-core-columns-is-layout-9d6595d7 wp-block-columns-is-layout-flex\">\n<div class=\"wp-block-column is-layout-flow wp-block-column-is-layout-flow\" style=\"flex-basis:10%\"><\/div>\n\n\n\n<div class=\"wp-block-column is-layout-flow wp-block-column-is-layout-flow\" style=\"flex-basis:80%\">\n<h3 class=\"wp-block-heading\">WORKING GROUP 5<\/h3>\n\n\n\n<h1 class=\"wp-block-heading\"><strong><strong>Career Managment Competencies for Music Professionals<\/strong><\/strong><\/h1>\n\n\n\n<p><strong>MEMBERS<\/strong><\/p>\n\n\n\n<p>Guadalupe L\u00f3pez-\u00cd\u00f1iguez (Uniarts Hel) \/ Heidi Westerlund (Uniarts Hel) \/ Ioulia Papageorgi (UNIC) \/ Jorge Salgado (UA) \/ Paulo Maria Rodrigues (UA) \/ Rolf Lislevand (NO)<\/p>\n<\/div>\n\n\n\n<div class=\"wp-block-column is-layout-flow wp-block-column-is-layout-flow\" style=\"flex-basis:10%\"><\/div>\n<\/div>\n\n\n\n<hr class=\"wp-block-separator\"\/>\n\n\n\n<p><\/p>\n","protected":false},"excerpt":{"rendered":"<p>ADVISORY BOARD MEMBERS Helena Gaunt (RWCMD &#8211; UK) \/ Sandep Bhagwati (IN-GER-CA) \/ Nick Petrela (UMKC &#8211; EUA) \/ Catherine Laws (University of York) WORKING GROUP 1 COMMUNICATION AND DISSEMINATION DISSEMINATION MANANGERS Clarissa Foletto (UA) \/ Helder Caixinha (UA) MEMBERS Natassa Economidou-Stavrou (UNIC) \/ Heidi Westerlund (Uniarts Hel) \/ Stefan \u00d6stersj\u00f6 (LTU) WORKING GROUP 2&hellip;&nbsp;<a href=\"https:\/\/react.web.ua.pt\/?page_id=567\" rel=\"bookmark\">Read More &raquo;<span class=\"screen-reader-text\">Working Groups<\/span><\/a><\/p>\n","protected":false},"author":4,"featured_media":0,"parent":0,"menu_order":0,"comment_status":"closed","ping_status":"closed","template":"","meta":{"neve_meta_sidebar":"","neve_meta_container":"default","neve_meta_enable_content_width":"","neve_meta_content_width":0,"neve_meta_title_alignment":"","neve_meta_author_avatar":"","neve_post_elements_order":"","neve_meta_disable_header":"","neve_meta_disable_footer":"","neve_meta_disable_title":"","footnotes":""},"class_list":["post-567","page","type-page","status-publish","hentry"],"_links":{"self":[{"href":"https:\/\/react.web.ua.pt\/index.php?rest_route=\/wp\/v2\/pages\/567","targetHints":{"allow":["GET"]}}],"collection":[{"href":"https:\/\/react.web.ua.pt\/index.php?rest_route=\/wp\/v2\/pages"}],"about":[{"href":"https:\/\/react.web.ua.pt\/index.php?rest_route=\/wp\/v2\/types\/page"}],"author":[{"embeddable":true,"href":"https:\/\/react.web.ua.pt\/index.php?rest_route=\/wp\/v2\/users\/4"}],"replies":[{"embeddable":true,"href":"https:\/\/react.web.ua.pt\/index.php?rest_route=%2Fwp%2Fv2%2Fcomments&post=567"}],"version-history":[{"count":10,"href":"https:\/\/react.web.ua.pt\/index.php?rest_route=\/wp\/v2\/pages\/567\/revisions"}],"predecessor-version":[{"id":3385,"href":"https:\/\/react.web.ua.pt\/index.php?rest_route=\/wp\/v2\/pages\/567\/revisions\/3385"}],"wp:attachment":[{"href":"https:\/\/react.web.ua.pt\/index.php?rest_route=%2Fwp%2Fv2%2Fmedia&parent=567"}],"curies":[{"name":"wp","href":"https:\/\/api.w.org\/{rel}","templated":true}]}}