{"id":636,"date":"2021-09-29T14:56:15","date_gmt":"2021-09-29T14:56:15","guid":{"rendered":"http:\/\/react.web.ua.pt\/?page_id=636"},"modified":"2024-07-23T12:11:54","modified_gmt":"2024-07-23T12:11:54","slug":"research-publications","status":"publish","type":"page","link":"https:\/\/react.web.ua.pt\/?page_id=636","title":{"rendered":"Research publications"},"content":{"rendered":"\n<div class=\"wp-block-columns is-layout-flex wp-container-core-columns-is-layout-9d6595d7 wp-block-columns-is-layout-flex\">\n<div class=\"wp-block-column is-layout-flow wp-block-column-is-layout-flow\" style=\"flex-basis:10%\"><\/div>\n\n\n\n<div class=\"wp-block-column is-layout-flow wp-block-column-is-layout-flow\" style=\"flex-basis:80%\">\n<h2 class=\"wp-block-heading\">Research publications<\/h2>\n\n\n\n<div class=\"wp-block-columns is-layout-flex wp-container-core-columns-is-layout-9d6595d7 wp-block-columns-is-layout-flex\">\n<div class=\"wp-block-column is-layout-flow wp-block-column-is-layout-flow\">\n<p><a href=\"https:\/\/trio.journal.fi\/article\/view\/120925\" data-type=\"URL\" data-id=\"https:\/\/trio.journal.fi\/article\/view\/120925\" target=\"_blank\" rel=\"noreferrer noopener\"><strong>Composers\u2019 Reflections on the Relevance of Artistic Doctoral Education in Finland<\/strong>: <strong>From Self-Development towards Knowledge Exchange and Knowledge Creation<\/strong><\/a><\/p>\n\n\n\n<p>Mieko Kanno, Guadalupe L\u00f3pez-\u00cd\u00f1iguez and Heidi Westerlund<\/p>\n<\/div>\n\n\n\n<div class=\"wp-block-column is-layout-flow wp-block-column-is-layout-flow\">\n<p><strong><a href=\"https:\/\/journals.sagepub.com\/doi\/full\/10.1177\/1321103X221131444\" data-type=\"URL\" data-id=\"https:\/\/journals.sagepub.com\/doi\/full\/10.1177\/1321103X221131444\" target=\"_blank\" rel=\"noreferrer noopener\">Professional education toward protean careers in music? Bigenerational Finnish composers\u2019 pathways and livelihoods in changing ecosystems<\/a><\/strong><\/p>\n\n\n\n<p>Heidi\u00a0Westerlund\u00a0and\u00a0Guadalupe\u00a0L\u00f3pez-\u00cd\u00f1iguez\u00a0<a rel=\"noreferrer noopener\" href=\"https:\/\/orcid.org\/0000-0002-4428-1356\" target=\"_blank\"><\/a><\/p>\n<\/div>\n<\/div>\n\n\n\n<div class=\"wp-block-columns is-layout-flex wp-container-core-columns-is-layout-9d6595d7 wp-block-columns-is-layout-flex\">\n<div class=\"wp-block-column is-layout-flow wp-block-column-is-layout-flow\">\n<p><strong><a href=\"https:\/\/ria.ua.pt\/handle\/10773\/34784\" data-type=\"URL\" data-id=\"https:\/\/ria.ua.pt\/handle\/10773\/34784\" target=\"_blank\" rel=\"noreferrer noopener\">REACT Symposium &#8211; Reflective and Critical Approaches to Teaching and Learning of Music Performance: Book of Abstracts<\/a><\/strong><\/p>\n\n\n\n<p>Gilvano Dalagna, Stefan \u00d6stersj\u00f6, Clarissa Foletto, Jorge Salgado Correia<\/p>\n<\/div>\n\n\n\n<div class=\"wp-block-column is-layout-flow wp-block-column-is-layout-flow\">\n<p><strong><a rel=\"noreferrer noopener\" href=\"https:\/\/composers.fi\/wp-content\/uploads\/kompositio-1-23-230605-web.pdf\" target=\"_blank\">Composing as a passionate playground for (almost) everything?\u00a0Future directions for professional education and employment in a changing world<\/a>.<\/strong><\/p>\n\n\n\n<p>Guadalupe L\u00f3pez-\u00cd\u00f1iguez, Heidi Westerlund and Mieko Kanno<\/p>\n<\/div>\n<\/div>\n<\/div>\n\n\n\n<div class=\"wp-block-column is-layout-flow wp-block-column-is-layout-flow\" style=\"flex-basis:10%\"><\/div>\n<\/div>\n\n\n\n<p><\/p>\n","protected":false},"excerpt":{"rendered":"<p>Research publications Composers\u2019 Reflections on the Relevance of Artistic Doctoral Education in Finland: From Self-Development towards Knowledge Exchange and Knowledge Creation Mieko Kanno, Guadalupe L\u00f3pez-\u00cd\u00f1iguez and Heidi Westerlund Professional education toward protean careers in music? Bigenerational Finnish composers\u2019 pathways and livelihoods in changing ecosystems Heidi\u00a0Westerlund\u00a0and\u00a0Guadalupe\u00a0L\u00f3pez-\u00cd\u00f1iguez\u00a0 REACT Symposium &#8211; Reflective and Critical Approaches to Teaching and&hellip;&nbsp;<a href=\"https:\/\/react.web.ua.pt\/?page_id=636\" rel=\"bookmark\">Read More &raquo;<span class=\"screen-reader-text\">Research publications<\/span><\/a><\/p>\n","protected":false},"author":4,"featured_media":0,"parent":0,"menu_order":0,"comment_status":"closed","ping_status":"closed","template":"","meta":{"neve_meta_sidebar":"","neve_meta_container":"","neve_meta_enable_content_width":"","neve_meta_content_width":0,"neve_meta_title_alignment":"","neve_meta_author_avatar":"","neve_post_elements_order":"","neve_meta_disable_header":"","neve_meta_disable_footer":"","neve_meta_disable_title":"","footnotes":""},"class_list":["post-636","page","type-page","status-publish","hentry"],"_links":{"self":[{"href":"https:\/\/react.web.ua.pt\/index.php?rest_route=\/wp\/v2\/pages\/636","targetHints":{"allow":["GET"]}}],"collection":[{"href":"https:\/\/react.web.ua.pt\/index.php?rest_route=\/wp\/v2\/pages"}],"about":[{"href":"https:\/\/react.web.ua.pt\/index.php?rest_route=\/wp\/v2\/types\/page"}],"author":[{"embeddable":true,"href":"https:\/\/react.web.ua.pt\/index.php?rest_route=\/wp\/v2\/users\/4"}],"replies":[{"embeddable":true,"href":"https:\/\/react.web.ua.pt\/index.php?rest_route=%2Fwp%2Fv2%2Fcomments&post=636"}],"version-history":[{"count":3,"href":"https:\/\/react.web.ua.pt\/index.php?rest_route=\/wp\/v2\/pages\/636\/revisions"}],"predecessor-version":[{"id":4477,"href":"https:\/\/react.web.ua.pt\/index.php?rest_route=\/wp\/v2\/pages\/636\/revisions\/4477"}],"wp:attachment":[{"href":"https:\/\/react.web.ua.pt\/index.php?rest_route=%2Fwp%2Fv2%2Fmedia&parent=636"}],"curies":[{"name":"wp","href":"https:\/\/api.w.org\/{rel}","templated":true}]}}